{"id":69,"date":"2021-05-17T21:20:59","date_gmt":"2021-05-17T19:20:59","guid":{"rendered":"https:\/\/test.sdfk.com\/?page_id=69"},"modified":"2026-03-24T21:06:24","modified_gmt":"2026-03-24T21:06:24","slug":"priser_licens","status":"publish","type":"page","link":"https:\/\/sdfk.com\/index.php\/priser_licens\/","title":{"rendered":"Priser \/ licenshantering"},"content":{"rendered":"\n<h2 class=\"wp-block-heading\" id=\"ContentStart\">Sk\u00e5nes Drakflygklubb &#8211; Priser 2024<\/h2>\n\n\n\n<p><strong>Medlems avgifter:<\/strong><\/p>\n\n\n\n<figure class=\"wp-block-table is-style-regular\"><table  class=\" table table-hover\" ><tbody><tr><td>St\u00f6dmedlem (ej licens genom klubben) &nbsp; 50:- H\u00e4ngflygande medlem, standard &nbsp; 500:- H\u00e4ngflygande medlem, flygbogsering &nbsp; 1000:- Trikepilot &nbsp; 1000:-<\/td><\/tr><\/tbody><\/table><\/figure>\n\n\n\n<p><br>Medlemmar som har utf\u00f6rt trikebogsering (suttit i triken) minst tv\u00e5 dagar under \u00e5ret f\u00e5r tillbaka 500 kronor av medlemsavgiften. Alla trikepiloter betalar in full medlemsavgift vid f\u00f6rnyelse av medlemskapet.<br><br><strong>Flygpriser:<\/strong><br>F\u00f6r medlemmar som ej l\u00f6st flygbogseringsmedlemskap tillkommer en dagsavgift p\u00e5 100 kr.<br><\/p>\n\n\n\n<figure class=\"wp-block-table is-style-regular\"><table  class=\" table table-hover\" ><tbody><tr><td>Friflygning \u00a0 SE-VTC \u00a0 700:-\/timme (OBS tackotid) Bogsering\u00a0 \u00a0 SE-VTC \u00a0 \u00a01100:- \/timme\u00a0 (OBS tackotid) \u00a0<br><br>Markbogsering med ATV, 50 kr\/drag. Bogserh\u00f6jd ca 150 m \u00a0 \u00a0<\/td><\/tr><\/tbody><\/table><\/figure>\n\n\n\n<p>Flygare som har flygbogserats kan logga in med deras licensnummer och kolla vad de \u00e4r skyldiga klubben h\u00e4r<\/p>\n\n\n\n<p><strong>Utbildning:<\/strong>&nbsp;<\/p>\n\n\n\n<p>Alla prisuppgifter finns under s\u00e4songens utbildning.<\/p>\n\n\n\n<p><strong>F\u00f6rs\u00e4kring &amp; Licens:<\/strong><br>F\u00f6r att f\u00e5 flyga kr\u00e4vs, f\u00f6rutom betald medlemsavgift i en klubb, f\u00f6rs\u00e4kring &amp; d\u00e4rtill giltig och betald licens. <a href=\"https:\/\/flygsport.se\/grenar\/hangflyg\/SHF\">Svenska H\u00e4ngflygf\u00f6rbundet<\/a> tar hand om licenser &amp; f\u00f6rs\u00e4kringar, all info du beh\u00f6ver finns d\u00e4r.<br><br><strong>Ans\u00f6kan och f\u00f6rnyelse av licens:<\/strong><br>1. Betala SDFKs medlemsavgift &#8211; betala in beloppet enligt prislistan ovan till <strong>PlusGiro 595811-1<\/strong><br><br>. Betala f\u00f6rs\u00e4kring och licensavgift till H\u00e4ngflygf\u00f6rbundet enligt instruktionerna<\/p>\n\n\n\n<p>3. Fylla i <a href=\"https:\/\/kansli.hangflyg.org\" target=\"_blank\" rel=\"noreferrer noopener\">f\u00f6rnyelseans\u00f6kan<\/a> online<\/p>\n","protected":false},"excerpt":{"rendered":"<p>Sk\u00e5nes Drakflygklubb &#8211; Priser 2024 Medlems avgifter: St\u00f6dmedlem (ej licens genom klubben) &nbsp; 50:- H\u00e4ngflygande medlem, standard &nbsp; 500:- H\u00e4ngflygande &hellip; <a href=\"https:\/\/sdfk.com\/index.php\/priser_licens\/\" class=\"more-link\">Forts\u00e4tt l\u00e4sa <span class=\"screen-reader-text\">Priser \/ licenshantering<\/span><\/a><\/p>\n","protected":false},"author":2,"featured_media":0,"parent":0,"menu_order":0,"comment_status":"closed","ping_status":"closed","template":"","meta":{"footnotes":""},"class_list":["post-69","page","type-page","status-publish","hentry"],"_links":{"self":[{"href":"https:\/\/sdfk.com\/index.php\/wp-json\/wp\/v2\/pages\/69","targetHints":{"allow":["GET"]}}],"collection":[{"href":"https:\/\/sdfk.com\/index.php\/wp-json\/wp\/v2\/pages"}],"about":[{"href":"https:\/\/sdfk.com\/index.php\/wp-json\/wp\/v2\/types\/page"}],"author":[{"embeddable":true,"href":"https:\/\/sdfk.com\/index.php\/wp-json\/wp\/v2\/users\/2"}],"replies":[{"embeddable":true,"href":"https:\/\/sdfk.com\/index.php\/wp-json\/wp\/v2\/comments?post=69"}],"version-history":[{"count":2,"href":"https:\/\/sdfk.com\/index.php\/wp-json\/wp\/v2\/pages\/69\/revisions"}],"predecessor-version":[{"id":274,"href":"https:\/\/sdfk.com\/index.php\/wp-json\/wp\/v2\/pages\/69\/revisions\/274"}],"wp:attachment":[{"href":"https:\/\/sdfk.com\/index.php\/wp-json\/wp\/v2\/media?parent=69"}],"curies":[{"name":"wp","href":"https:\/\/api.w.org\/{rel}","templated":true}]}}