{"id":112,"date":"2021-05-19T21:03:30","date_gmt":"2021-05-19T19:03:30","guid":{"rendered":"https:\/\/test.sdfk.com\/?page_id=112"},"modified":"2021-05-19T21:03:30","modified_gmt":"2021-05-19T19:03:30","slug":"sociala-aktiviteter","status":"publish","type":"page","link":"https:\/\/sdfk.com\/index.php\/sociala-aktiviteter\/","title":{"rendered":"Sociala aktiviteter"},"content":{"rendered":"\n<p>I normala fall n\u00e4r det inte \u00e4r stora elaka pandemier ig\u00e5ng anordnar vi tillsammans med motorflygklubben i Sk\u00e5nes Fagerhult ett evenemang p\u00e5 f\u00f6rsta maj. Detta g\u00e5r under namnet Wings and Tracks, som \u00e4r en sammanslagning av flygtr\u00e4ff och uppvisning av veteranarbetsmaskiner varav m\u00e5nga med larvf\u00f6tter, d\u00e4rav namnet.<\/p>\n\n\n\n<p>Klubbens medlemmar hj\u00e4lper till med korvgrillning parkeringsvakter mm. Har vi tur med v\u00e4dret blir det uppvisning av flygning med h\u00e4ngglidare ocks\u00e5.<\/p>\n\n\n\n<p>I m\u00e5n av tid och m\u00f6jlighet anordnas \u00e4ven uppvisning och demonstrationer av h\u00e4ngflyg av klubbens medlemmar p\u00e5 flygtr\u00e4ffar, evenemang, m\u00e4ssor och dylikt.<\/p>\n","protected":false},"excerpt":{"rendered":"<p>I normala fall n\u00e4r det inte \u00e4r stora elaka pandemier ig\u00e5ng anordnar vi tillsammans med motorflygklubben i Sk\u00e5nes Fagerhult ett &hellip; <a href=\"https:\/\/sdfk.com\/index.php\/sociala-aktiviteter\/\" class=\"more-link\">Forts\u00e4tt l\u00e4sa <span class=\"screen-reader-text\">Sociala aktiviteter<\/span><\/a><\/p>\n","protected":false},"author":2,"featured_media":113,"parent":0,"menu_order":0,"comment_status":"closed","ping_status":"closed","template":"","meta":{"footnotes":""},"class_list":["post-112","page","type-page","status-publish","has-post-thumbnail","hentry"],"_links":{"self":[{"href":"https:\/\/sdfk.com\/index.php\/wp-json\/wp\/v2\/pages\/112","targetHints":{"allow":["GET"]}}],"collection":[{"href":"https:\/\/sdfk.com\/index.php\/wp-json\/wp\/v2\/pages"}],"about":[{"href":"https:\/\/sdfk.com\/index.php\/wp-json\/wp\/v2\/types\/page"}],"author":[{"embeddable":true,"href":"https:\/\/sdfk.com\/index.php\/wp-json\/wp\/v2\/users\/2"}],"replies":[{"embeddable":true,"href":"https:\/\/sdfk.com\/index.php\/wp-json\/wp\/v2\/comments?post=112"}],"version-history":[{"count":0,"href":"https:\/\/sdfk.com\/index.php\/wp-json\/wp\/v2\/pages\/112\/revisions"}],"wp:featuredmedia":[{"embeddable":true,"href":"https:\/\/sdfk.com\/index.php\/wp-json\/wp\/v2\/media\/113"}],"wp:attachment":[{"href":"https:\/\/sdfk.com\/index.php\/wp-json\/wp\/v2\/media?parent=112"}],"curies":[{"name":"wp","href":"https:\/\/api.w.org\/{rel}","templated":true}]}}