{"id":107,"date":"2021-05-19T20:53:58","date_gmt":"2021-05-19T18:53:58","guid":{"rendered":"https:\/\/test.sdfk.com\/?page_id=107"},"modified":"2021-05-19T20:53:58","modified_gmt":"2021-05-19T18:53:58","slug":"klubbtrike","status":"publish","type":"page","link":"https:\/\/sdfk.com\/index.php\/klubbtrike\/","title":{"rendered":"Klubbtrike"},"content":{"rendered":"\n<p>Inom klubbens verksamhet ryms \u00e4ven flygning med <em><strong>ultral\u00e4tt klass A<\/strong><\/em>, s\u00e5 kallade trikar. En trike kan i stort s\u00e4tt beskrivas som en tyngdpunktstyrd motoriserad h\u00e4ngglidare. Avsikten med denna gren av verksamheten \u00e4r fr\u00e4mst att m\u00f6jligg\u00f6ra <a target=\"_blank\" href=\"https:\/\/www.youtube.com\/watch?v=NdT5ktQsllw\" rel=\"noreferrer noopener\">flygbogsering<\/a> samt att erbjuda ett trevligt och annorlunda upplevelse till alla flygsugna sj\u00e4lar som vill k\u00e4nna luftstr\u00f6mmen i ansiktet.<\/p>\n\n\n\n<p>Klubbens trike heter Apollo Jet Star, kommer fr\u00e5n Ungern och levererades fabriksny i slutet av oktober 2014. Triken fick flygtillst\u00e5nd och har flugit i klubbens regi sedan i slutet av mars 2015.<\/p>\n\n\n\n<p>Triken \u00e4r f\u00f6rsedd med en Rotax 582 Blue Top motor och 3-bladig propeller.<\/p>\n","protected":false},"excerpt":{"rendered":"<p>Inom klubbens verksamhet ryms \u00e4ven flygning med ultral\u00e4tt klass A, s\u00e5 kallade trikar. En trike kan i stort s\u00e4tt beskrivas &hellip; <a href=\"https:\/\/sdfk.com\/index.php\/klubbtrike\/\" class=\"more-link\">Forts\u00e4tt l\u00e4sa <span class=\"screen-reader-text\">Klubbtrike<\/span><\/a><\/p>\n","protected":false},"author":2,"featured_media":108,"parent":0,"menu_order":0,"comment_status":"closed","ping_status":"closed","template":"","meta":{"footnotes":""},"class_list":["post-107","page","type-page","status-publish","has-post-thumbnail","hentry"],"_links":{"self":[{"href":"https:\/\/sdfk.com\/index.php\/wp-json\/wp\/v2\/pages\/107","targetHints":{"allow":["GET"]}}],"collection":[{"href":"https:\/\/sdfk.com\/index.php\/wp-json\/wp\/v2\/pages"}],"about":[{"href":"https:\/\/sdfk.com\/index.php\/wp-json\/wp\/v2\/types\/page"}],"author":[{"embeddable":true,"href":"https:\/\/sdfk.com\/index.php\/wp-json\/wp\/v2\/users\/2"}],"replies":[{"embeddable":true,"href":"https:\/\/sdfk.com\/index.php\/wp-json\/wp\/v2\/comments?post=107"}],"version-history":[{"count":0,"href":"https:\/\/sdfk.com\/index.php\/wp-json\/wp\/v2\/pages\/107\/revisions"}],"wp:featuredmedia":[{"embeddable":true,"href":"https:\/\/sdfk.com\/index.php\/wp-json\/wp\/v2\/media\/108"}],"wp:attachment":[{"href":"https:\/\/sdfk.com\/index.php\/wp-json\/wp\/v2\/media?parent=107"}],"curies":[{"name":"wp","href":"https:\/\/api.w.org\/{rel}","templated":true}]}}