{"id":101,"date":"2021-05-19T20:45:31","date_gmt":"2021-05-19T18:45:31","guid":{"rendered":"https:\/\/test.sdfk.com\/?page_id=101"},"modified":"2021-05-19T20:45:31","modified_gmt":"2021-05-19T18:45:31","slug":"tavling","status":"publish","type":"page","link":"https:\/\/sdfk.com\/index.php\/tavling\/","title":{"rendered":"T\u00e4vling"},"content":{"rendered":"\n<p>Att t\u00e4vla \u00e4r ett viktigt inslag f\u00f6r att driva utveckling b\u00e5de f\u00f6r den enskilde piloten och f\u00f6r klubben. I h\u00e4ngflyget t\u00e4vlas det framf\u00f6rallt genom att de t\u00e4vlande ska ta sig runt en i f\u00f6rv\u00e4g best\u00e4md bana p\u00e5 kortast m\u00f6jliga tid. Banorna l\u00e4ggs efter de f\u00f6ruts\u00e4ttningar som dagen ger och \u00e4r ofta mellan 50 och 100 km l\u00e5nga. I Sk\u00e5nes Drakflygklubb anordnas det varje \u00e5r en klubbt\u00e4vling p\u00e5 f\u00f6rsommaren n\u00e4r termiken brukar vara som b\u00e4st. Man har \u00e4ven arrangerat SM p\u00e5 Sk\u00e5nes Fagerhult.<\/p>\n\n\n\n<div data-wp-interactive=\"core\/file\" class=\"wp-block-file\"><object data-wp-bind--hidden=\"!state.hasPdfPreview\" hidden class=\"wp-block-file__embed\" data=\"https:\/\/sdfk.com\/wp-content\/uploads\/2025\/04\/Inbjudan-SFH-Open-2025-1.pdf\" type=\"application\/pdf\" style=\"width:100%;height:600px\" aria-label=\"Inb\u00e4ddning av Inbjudan SFH Open 2025.\"><\/object><a id=\"wp-block-file--media-b6cf5cde-e5d1-4f72-9769-f94d206520b0\" href=\"https:\/\/sdfk.com\/wp-content\/uploads\/2025\/04\/Inbjudan-SFH-Open-2025-1.pdf\">Inbjudan SFH Open 2025<\/a><a href=\"https:\/\/sdfk.com\/wp-content\/uploads\/2025\/04\/Inbjudan-SFH-Open-2025-1.pdf\" class=\"wp-block-file__button wp-element-button\" download aria-describedby=\"wp-block-file--media-b6cf5cde-e5d1-4f72-9769-f94d206520b0\">Ladda ner<\/a><\/div>\n\n\n\n<p><a href=\"https:\/\/sdfk.com\/resultat-sdfk-open-2023\/\" data-type=\"page\" data-id=\"175\">Resultat SDFK Open 2023<\/a><\/p>\n","protected":false},"excerpt":{"rendered":"<p>Att t\u00e4vla \u00e4r ett viktigt inslag f\u00f6r att driva utveckling b\u00e5de f\u00f6r den enskilde piloten och f\u00f6r klubben. I h\u00e4ngflyget &hellip; <a href=\"https:\/\/sdfk.com\/index.php\/tavling\/\" class=\"more-link\">Forts\u00e4tt l\u00e4sa <span class=\"screen-reader-text\">T\u00e4vling<\/span><\/a><\/p>\n","protected":false},"author":2,"featured_media":56,"parent":0,"menu_order":0,"comment_status":"closed","ping_status":"closed","template":"","meta":{"footnotes":""},"class_list":["post-101","page","type-page","status-publish","has-post-thumbnail","hentry"],"_links":{"self":[{"href":"https:\/\/sdfk.com\/index.php\/wp-json\/wp\/v2\/pages\/101","targetHints":{"allow":["GET"]}}],"collection":[{"href":"https:\/\/sdfk.com\/index.php\/wp-json\/wp\/v2\/pages"}],"about":[{"href":"https:\/\/sdfk.com\/index.php\/wp-json\/wp\/v2\/types\/page"}],"author":[{"embeddable":true,"href":"https:\/\/sdfk.com\/index.php\/wp-json\/wp\/v2\/users\/2"}],"replies":[{"embeddable":true,"href":"https:\/\/sdfk.com\/index.php\/wp-json\/wp\/v2\/comments?post=101"}],"version-history":[{"count":0,"href":"https:\/\/sdfk.com\/index.php\/wp-json\/wp\/v2\/pages\/101\/revisions"}],"wp:featuredmedia":[{"embeddable":true,"href":"https:\/\/sdfk.com\/index.php\/wp-json\/wp\/v2\/media\/56"}],"wp:attachment":[{"href":"https:\/\/sdfk.com\/index.php\/wp-json\/wp\/v2\/media?parent=101"}],"curies":[{"name":"wp","href":"https:\/\/api.w.org\/{rel}","templated":true}]}}